{"id":3,"date":"2024-02-06T07:13:53","date_gmt":"2024-02-06T07:13:53","guid":{"rendered":"http:\/\/newportbw.com\/?page_id=3"},"modified":"2025-11-20T08:05:10","modified_gmt":"2025-11-20T16:05:10","slug":"privacy-policy","status":"publish","type":"page","link":"https:\/\/www.bwnewport.com\/es\/privacy-policy\/","title":{"rendered":"Pol\u00edtica de privacidad"},"content":{"rendered":"<div data-elementor-type=\"wp-page\" data-elementor-id=\"3\" class=\"elementor elementor-3\" data-elementor-post-type=\"page\">\n\t\t\t\t<div class=\"elementor-element elementor-element-71e6e58 e-flex e-con-boxed e-con e-parent\" data-id=\"71e6e58\" data-element_type=\"container\" data-e-type=\"container\">\n\t\t\t\t\t<div class=\"e-con-inner\">\n\t\t\t\t<div class=\"elementor-element elementor-element-4894d194 elementor-widget elementor-widget-text-editor\" data-id=\"4894d194\" data-element_type=\"widget\" data-e-type=\"widget\" data-widget_type=\"text-editor.default\">\n\t\t\t\t\t\t\t\t\t<p>Best Western Plus Newport Mesa Inn respeta la privacidad de todos nuestros hu\u00e9spedes y nos comprometemos a protegerla. Para ofrecerle el mejor servicio a trav\u00e9s de este sitio web, se le pedir\u00e1 que proporcione diversos datos, como nombre, direcci\u00f3n postal, n\u00famero de tel\u00e9fono, direcci\u00f3n de correo electr\u00f3nico, informaci\u00f3n de tarjeta de cr\u00e9dito, etc. Esta informaci\u00f3n nos permitir\u00e1 ofrecer una experiencia personalizada a cada visitante de nuestro sitio web.<\/p>\n<p>Este sitio web no recoge, guarda ni almacena ninguna informaci\u00f3n personal de los visitantes que simplemente navegan por \u00e9l, a menos que usted nos la proporcione voluntaria e intencionadamente. No recogemos informaci\u00f3n personal sin su conocimiento o consentimiento. Cualquier informaci\u00f3n personal que se solicite en nuestro sitio web es necesaria para realizar un servicio concreto, como procesar su reserva.<\/p>\n<p>Le pedimos informaci\u00f3n personal para procesar las reservas en l\u00ednea. Debe proporcionarnos informaci\u00f3n de contacto (como nombre, direcci\u00f3n postal, n\u00famero de tel\u00e9fono y direcci\u00f3n de correo electr\u00f3nico), as\u00ed como informaci\u00f3n financiera (como n\u00famero de tarjeta de cr\u00e9dito y fecha de caducidad, etc.) para que podamos procesar su reserva. Esta informaci\u00f3n se utiliza con fines de facturaci\u00f3n y para reservar una habitaci\u00f3n. Si surge alg\u00fan problema con la reserva, la informaci\u00f3n facilitada tambi\u00e9n nos permitir\u00e1 ponernos en contacto con usted.<\/p>\n<p>Best Western Plus Newport Mesa Inn puede informarle por correo electr\u00f3nico de nuestros servicios, productos, ofertas especiales y sorteos disponibles. Usted puede optar por recibir o no recibir estos materiales en cualquier momento.<\/p>\n<p>Los agentes o contratistas de Best Western Plus Newport Mesa Inn y afiliados que tengan acceso a su informaci\u00f3n personal est\u00e1n obligados a mantener la confidencialidad de la informaci\u00f3n y a no utilizarla para ning\u00fan otro fin que no sea el de llevar a cabo los servicios que est\u00e1n realizando para Best Western Plus Newport Mesa Inn. Best Western Plus Newport Mesa Inn y sus filiales no vender\u00e1n ni distribuir\u00e1n su informaci\u00f3n personal a ninguna organizaci\u00f3n externa con fines de marketing o solicitud sin su permiso.<\/p>\n<p>Best Western Plus Newport Mesa Inn est\u00e1 comprometido con la seguridad de los datos recogidos en este sitio Web, y trata toda la informaci\u00f3n que usted nos proporciona como confidencial. Utilizamos la tecnolog\u00eda de encriptaci\u00f3n SSL (Secure Socket Layer) para proteger la privacidad de la informaci\u00f3n de su tarjeta de cr\u00e9dito, nombre, direcci\u00f3n, correo electr\u00f3nico y otra informaci\u00f3n que nos proporcione. Para servirle mejor cuando utiliza este sitio, tambi\u00e9n utilizamos \"cookies\" que nos ayudan a reconocer sus preferencias y selecciones.<\/p>\n<p>Una cookie es un dato electr\u00f3nico almacenado en el ordenador del usuario por su navegador y sistema operativo que est\u00e1 vinculado a informaci\u00f3n sobre el usuario. Las cookies pueden almacenar el ID y la contrase\u00f1a de un usuario, personalizar las p\u00e1ginas de inicio o identificar qu\u00e9 partes de un sitio se han visitado recientemente. Emitimos y utilizamos cookies para mejorar su visita y los servicios que ofrecemos en nuestro sitio web, as\u00ed como para realizar un seguimiento de las \u00e1reas de nuestro sitio web que interesan a nuestros visitantes y, de este modo, podemos introducir mejoras y actualizaciones en aquellas \u00e1reas que son m\u00e1s populares. Usted puede elegir si desea que su navegador acepte o rechace las cookies; si decide rechazar las cookies, podr\u00e1 seguir navegando por los sitios. Adem\u00e1s, la opci\u00f3n de aceptar o rechazar una cookie es diferente de la de aceptar o rechazar mensajes de correo electr\u00f3nico.<\/p>\n<p>Tenga en cuenta que los sitios web de terceros disponibles a trav\u00e9s de enlaces en nuestro sitio web tienen pr\u00e1cticas de privacidad y recopilaci\u00f3n de datos independientes. No tenemos ning\u00fan control, responsabilidad u obligaci\u00f3n por estas pol\u00edticas o acciones de terceros. Best Western Plus Newport Mesa Inn no puede asegurar o garantizar la seguridad de cualquier informaci\u00f3n que usted revele en l\u00ednea a sitios de terceros.<\/p>\n<p>Este sitio web est\u00e1 sujeto a la legislaci\u00f3n de Estados Unidos. Best Western Plus Newport Mesa Inn revelar\u00e1 informaci\u00f3n de identificaci\u00f3n personal sin su permiso cuando as\u00ed lo exija la ley o en la creencia de buena fe de que dicha acci\u00f3n es necesaria para investigar o proteger contra actividades perjudiciales a los hu\u00e9spedes, visitantes, asociados u otros, o a la propiedad (incluyendo este sitio).<\/p>\n<div class=\"page-content\">\n<div class=\"fl-builder-content fl-builder-content-353 fl-builder-content-primary\" data-post-id=\"353\">\n<div class=\"fl-row fl-row-fixed-width fl-row-bg-none fl-node-58e50cdb77f8d\" data-node=\"58e50cdb77f8d\">\n<div class=\"fl-row-content-wrap\">\n<div class=\"fl-row-content fl-row-fixed-width fl-node-content\">\n<div class=\"fl-col-group fl-node-58e50cdb795dd\" data-node=\"58e50cdb795dd\">\n<div class=\"fl-col fl-node-58e50cdb79781\" data-node=\"58e50cdb79781\">\n<div class=\"fl-col-content fl-node-content\">\n<div class=\"fl-module fl-module-rich-text fl-node-58e50ce001c16\" data-node=\"58e50ce001c16\" data-animation-delay=\"0.0\">\n<div class=\"fl-module-content fl-node-content\">\n<div class=\"fl-rich-text\">\n<h3>DERECHOS DE PRIVACIDAD EN CALIFORNIA<\/h3>\n<p>Si reside en California, puede tener derechos de privacidad adicionales en virtud de la Ley de Privacidad del Consumidor de California y otras leyes de privacidad de California. Obtenga m\u00e1s informaci\u00f3n sobre estos derechos de privacidad visitando nuestra\u00a0<a role=\"link\" href=\"https:\/\/www.bwnewport.com\/es\/california-privacy-notice\/\">Aviso de privacidad de California<\/a>.<\/p>\n<\/div>\n<\/div>\n<\/div>\n<\/div>\n<\/div>\n<\/div>\n<\/div>\n<\/div>\n<\/div>\n<\/div>\n<\/div>\t\t\t\t\t\t\t\t<\/div>\n\t\t\t\t\t<\/div>\n\t\t\t\t<\/div>\n\t\t\t\t<\/div>","protected":false},"excerpt":{"rendered":"<p>Best Western Plus Newport Mesa Inn respects the privacy of all our guests, and we are committed to protecting it. To best serve you throughout this website, you will be asked to provide a variety of information, such as name, mailing address, telephone number, email address, credit card information, etc. This information will allow us [&hellip;]<\/p>\n","protected":false},"author":1,"featured_media":0,"parent":0,"menu_order":0,"comment_status":"closed","ping_status":"open","template":"","meta":{"site-sidebar-layout":"default","site-content-layout":"","ast-site-content-layout":"default","site-content-style":"default","site-sidebar-style":"default","ast-global-header-display":"","ast-banner-title-visibility":"","ast-main-header-display":"","ast-hfb-above-header-display":"","ast-hfb-below-header-display":"","ast-hfb-mobile-header-display":"","site-post-title":"","ast-breadcrumbs-content":"","ast-featured-img":"","footer-sml-layout":"","ast-disable-related-posts":"","theme-transparent-header-meta":"","adv-header-id-meta":"","stick-header-meta":"","header-above-stick-meta":"","header-main-stick-meta":"","header-below-stick-meta":"","astra-migrate-meta-layouts":"set","ast-page-background-enabled":"default","ast-page-background-meta":{"desktop":{"background-color":"","background-image":"","background-repeat":"repeat","background-position":"center center","background-size":"auto","background-attachment":"scroll","background-type":"","background-media":"","overlay-type":"","overlay-color":"","overlay-opacity":"","overlay-gradient":""},"tablet":{"background-color":"","background-image":"","background-repeat":"repeat","background-position":"center center","background-size":"auto","background-attachment":"scroll","background-type":"","background-media":"","overlay-type":"","overlay-color":"","overlay-opacity":"","overlay-gradient":""},"mobile":{"background-color":"","background-image":"","background-repeat":"repeat","background-position":"center center","background-size":"auto","background-attachment":"scroll","background-type":"","background-media":"","overlay-type":"","overlay-color":"","overlay-opacity":"","overlay-gradient":""}},"ast-content-background-meta":{"desktop":{"background-color":"var(--ast-global-color-5)","background-image":"","background-repeat":"repeat","background-position":"center center","background-size":"auto","background-attachment":"scroll","background-type":"","background-media":"","overlay-type":"","overlay-color":"","overlay-opacity":"","overlay-gradient":""},"tablet":{"background-color":"var(--ast-global-color-5)","background-image":"","background-repeat":"repeat","background-position":"center center","background-size":"auto","background-attachment":"scroll","background-type":"","background-media":"","overlay-type":"","overlay-color":"","overlay-opacity":"","overlay-gradient":""},"mobile":{"background-color":"var(--ast-global-color-5)","background-image":"","background-repeat":"repeat","background-position":"center center","background-size":"auto","background-attachment":"scroll","background-type":"","background-media":"","overlay-type":"","overlay-color":"","overlay-opacity":"","overlay-gradient":""}},"footnotes":""},"page-category":[],"class_list":["post-3","page","type-page","status-publish","hentry"],"yoast_head":"<!-- This site is optimized with the Yoast SEO plugin v27.3 - https:\/\/yoast.com\/product\/yoast-seo-wordpress\/ -->\n<title>Privacy Policy - Best Western Plus Newport Mesa Inn<\/title>\n<meta name=\"robots\" content=\"index, follow, max-snippet:-1, max-image-preview:large, max-video-preview:-1\" \/>\n<link rel=\"canonical\" href=\"https:\/\/www.bwnewport.com\/es\/privacy-policy\/\" \/>\n<meta property=\"og:locale\" content=\"es_ES\" \/>\n<meta property=\"og:type\" content=\"article\" \/>\n<meta property=\"og:title\" content=\"Privacy Policy - Best Western Plus Newport Mesa Inn\" \/>\n<meta property=\"og:description\" content=\"Best Western Plus Newport Mesa Inn respects the privacy of all our guests, and we are committed to protecting it. To best serve you throughout this website, you will be asked to provide a variety of information, such as name, mailing address, telephone number, email address, credit card information, etc. This information will allow us [&hellip;]\" \/>\n<meta property=\"og:url\" content=\"https:\/\/www.bwnewport.com\/es\/privacy-policy\/\" \/>\n<meta property=\"og:site_name\" content=\"Best Western Plus Newport Mesa Inn\" \/>\n<meta property=\"article:publisher\" content=\"https:\/\/www.facebook.com\/NewportBW\/\" \/>\n<meta property=\"article:modified_time\" content=\"2025-11-20T16:05:10+00:00\" \/>\n<meta name=\"twitter:card\" content=\"summary_large_image\" \/>\n<meta name=\"twitter:label1\" content=\"Tiempo de lectura\" \/>\n\t<meta name=\"twitter:data1\" content=\"4 minutos\" \/>\n<script type=\"application\/ld+json\" class=\"yoast-schema-graph\">{\"@context\":\"https:\\\/\\\/schema.org\",\"@graph\":[{\"@type\":\"WebPage\",\"@id\":\"https:\\\/\\\/www.bwnewport.com\\\/privacy-policy\\\/\",\"url\":\"https:\\\/\\\/www.bwnewport.com\\\/privacy-policy\\\/\",\"name\":\"Privacy Policy - Best Western Plus Newport Mesa Inn\",\"isPartOf\":{\"@id\":\"https:\\\/\\\/www.bwnewport.com\\\/#website\"},\"datePublished\":\"2024-02-06T07:13:53+00:00\",\"dateModified\":\"2025-11-20T16:05:10+00:00\",\"breadcrumb\":{\"@id\":\"https:\\\/\\\/www.bwnewport.com\\\/privacy-policy\\\/#breadcrumb\"},\"inLanguage\":\"es\",\"potentialAction\":[{\"@type\":\"ReadAction\",\"target\":[\"https:\\\/\\\/www.bwnewport.com\\\/privacy-policy\\\/\"]}]},{\"@type\":\"BreadcrumbList\",\"@id\":\"https:\\\/\\\/www.bwnewport.com\\\/privacy-policy\\\/#breadcrumb\",\"itemListElement\":[{\"@type\":\"ListItem\",\"position\":1,\"name\":\"Home\",\"item\":\"https:\\\/\\\/www.bwnewport.com\\\/\"},{\"@type\":\"ListItem\",\"position\":2,\"name\":\"Privacy Policy\"}]},{\"@type\":\"WebSite\",\"@id\":\"https:\\\/\\\/www.bwnewport.com\\\/#website\",\"url\":\"https:\\\/\\\/www.bwnewport.com\\\/\",\"name\":\"Best Western Plus Newport Mesa Inn\",\"description\":\"Newport Beach and Costa Mesa California\",\"publisher\":{\"@id\":\"https:\\\/\\\/www.bwnewport.com\\\/#organization\"},\"alternateName\":\"BW Newport Mesa\",\"potentialAction\":[{\"@type\":\"SearchAction\",\"target\":{\"@type\":\"EntryPoint\",\"urlTemplate\":\"https:\\\/\\\/www.bwnewport.com\\\/?s={search_term_string}\"},\"query-input\":{\"@type\":\"PropertyValueSpecification\",\"valueRequired\":true,\"valueName\":\"search_term_string\"}}],\"inLanguage\":\"es\"},{\"@type\":\"Organization\",\"@id\":\"https:\\\/\\\/www.bwnewport.com\\\/#organization\",\"name\":\"Best Western Plus Newport Mesa Inn\",\"url\":\"https:\\\/\\\/www.bwnewport.com\\\/\",\"logo\":{\"@type\":\"ImageObject\",\"inLanguage\":\"es\",\"@id\":\"https:\\\/\\\/www.bwnewport.com\\\/#\\\/schema\\\/logo\\\/image\\\/\",\"url\":\"https:\\\/\\\/www.bwnewport.com\\\/wp-content\\\/uploads\\\/2024\\\/02\\\/Best-Western-Plus-Logo-207x160-1.png\",\"contentUrl\":\"https:\\\/\\\/www.bwnewport.com\\\/wp-content\\\/uploads\\\/2024\\\/02\\\/Best-Western-Plus-Logo-207x160-1.png\",\"width\":207,\"height\":160,\"caption\":\"Best Western Plus Newport Mesa Inn\"},\"image\":{\"@id\":\"https:\\\/\\\/www.bwnewport.com\\\/#\\\/schema\\\/logo\\\/image\\\/\"},\"sameAs\":[\"https:\\\/\\\/www.facebook.com\\\/NewportBW\\\/\"]}]}<\/script>\n<!-- \/ Yoast SEO plugin. -->","yoast_head_json":{"title":"Privacy Policy - Best Western Plus Newport Mesa Inn","robots":{"index":"index","follow":"follow","max-snippet":"max-snippet:-1","max-image-preview":"max-image-preview:large","max-video-preview":"max-video-preview:-1"},"canonical":"https:\/\/www.bwnewport.com\/es\/privacy-policy\/","og_locale":"es_ES","og_type":"article","og_title":"Privacy Policy - Best Western Plus Newport Mesa Inn","og_description":"Best Western Plus Newport Mesa Inn respects the privacy of all our guests, and we are committed to protecting it. To best serve you throughout this website, you will be asked to provide a variety of information, such as name, mailing address, telephone number, email address, credit card information, etc. This information will allow us [&hellip;]","og_url":"https:\/\/www.bwnewport.com\/es\/privacy-policy\/","og_site_name":"Best Western Plus Newport Mesa Inn","article_publisher":"https:\/\/www.facebook.com\/NewportBW\/","article_modified_time":"2025-11-20T16:05:10+00:00","twitter_card":"summary_large_image","twitter_misc":{"Tiempo de lectura":"4 minutos"},"schema":{"@context":"https:\/\/schema.org","@graph":[{"@type":"WebPage","@id":"https:\/\/www.bwnewport.com\/privacy-policy\/","url":"https:\/\/www.bwnewport.com\/privacy-policy\/","name":"Privacy Policy - Best Western Plus Newport Mesa Inn","isPartOf":{"@id":"https:\/\/www.bwnewport.com\/#website"},"datePublished":"2024-02-06T07:13:53+00:00","dateModified":"2025-11-20T16:05:10+00:00","breadcrumb":{"@id":"https:\/\/www.bwnewport.com\/privacy-policy\/#breadcrumb"},"inLanguage":"es","potentialAction":[{"@type":"ReadAction","target":["https:\/\/www.bwnewport.com\/privacy-policy\/"]}]},{"@type":"BreadcrumbList","@id":"https:\/\/www.bwnewport.com\/privacy-policy\/#breadcrumb","itemListElement":[{"@type":"ListItem","position":1,"name":"Home","item":"https:\/\/www.bwnewport.com\/"},{"@type":"ListItem","position":2,"name":"Privacy Policy"}]},{"@type":"WebSite","@id":"https:\/\/www.bwnewport.com\/#website","url":"https:\/\/www.bwnewport.com\/","name":"Best Western Plus Newport Mesa Inn","description":"Newport Beach y Costa Mesa California","publisher":{"@id":"https:\/\/www.bwnewport.com\/#organization"},"alternateName":"BW Newport Mesa","potentialAction":[{"@type":"SearchAction","target":{"@type":"EntryPoint","urlTemplate":"https:\/\/www.bwnewport.com\/?s={search_term_string}"},"query-input":{"@type":"PropertyValueSpecification","valueRequired":true,"valueName":"search_term_string"}}],"inLanguage":"es"},{"@type":"Organization","@id":"https:\/\/www.bwnewport.com\/#organization","name":"Best Western Plus Newport Mesa Inn","url":"https:\/\/www.bwnewport.com\/","logo":{"@type":"ImageObject","inLanguage":"es","@id":"https:\/\/www.bwnewport.com\/#\/schema\/logo\/image\/","url":"https:\/\/www.bwnewport.com\/wp-content\/uploads\/2024\/02\/Best-Western-Plus-Logo-207x160-1.png","contentUrl":"https:\/\/www.bwnewport.com\/wp-content\/uploads\/2024\/02\/Best-Western-Plus-Logo-207x160-1.png","width":207,"height":160,"caption":"Best Western Plus Newport Mesa Inn"},"image":{"@id":"https:\/\/www.bwnewport.com\/#\/schema\/logo\/image\/"},"sameAs":["https:\/\/www.facebook.com\/NewportBW\/"]}]}},"_links":{"self":[{"href":"https:\/\/www.bwnewport.com\/es\/wp-json\/wp\/v2\/pages\/3","targetHints":{"allow":["GET"]}}],"collection":[{"href":"https:\/\/www.bwnewport.com\/es\/wp-json\/wp\/v2\/pages"}],"about":[{"href":"https:\/\/www.bwnewport.com\/es\/wp-json\/wp\/v2\/types\/page"}],"author":[{"embeddable":true,"href":"https:\/\/www.bwnewport.com\/es\/wp-json\/wp\/v2\/users\/1"}],"replies":[{"embeddable":true,"href":"https:\/\/www.bwnewport.com\/es\/wp-json\/wp\/v2\/comments?post=3"}],"version-history":[{"count":8,"href":"https:\/\/www.bwnewport.com\/es\/wp-json\/wp\/v2\/pages\/3\/revisions"}],"predecessor-version":[{"id":2088,"href":"https:\/\/www.bwnewport.com\/es\/wp-json\/wp\/v2\/pages\/3\/revisions\/2088"}],"wp:attachment":[{"href":"https:\/\/www.bwnewport.com\/es\/wp-json\/wp\/v2\/media?parent=3"}],"wp:term":[{"taxonomy":"page-category","embeddable":true,"href":"https:\/\/www.bwnewport.com\/es\/wp-json\/wp\/v2\/page-category?post=3"}],"curies":[{"name":"wp","href":"https:\/\/api.w.org\/{rel}","templated":true}]}}