{"id":1063,"date":"2024-03-04T18:18:09","date_gmt":"2024-03-04T10:18:09","guid":{"rendered":"https:\/\/www.bwnewport.com\/?page_id=1063"},"modified":"2025-11-20T08:03:50","modified_gmt":"2025-11-20T16:03:50","slug":"accessibility","status":"publish","type":"page","link":"https:\/\/www.bwnewport.com\/es\/accessibility\/","title":{"rendered":"Accesibilidad"},"content":{"rendered":"<div data-elementor-type=\"wp-page\" data-elementor-id=\"1063\" class=\"elementor elementor-1063\" data-elementor-post-type=\"page\">\n\t\t\t\t<div class=\"elementor-element elementor-element-aba7d96 e-flex e-con-boxed e-con e-parent\" data-id=\"aba7d96\" data-element_type=\"container\" data-e-type=\"container\">\n\t\t\t\t\t<div class=\"e-con-inner\">\n\t\t\t\t<div class=\"elementor-element elementor-element-0ec7665 elementor-widget elementor-widget-text-editor\" data-id=\"0ec7665\" data-element_type=\"widget\" data-e-type=\"widget\" data-widget_type=\"text-editor.default\">\n\t\t\t\t\t\t\t\t\t<div class=\"fl-row fl-row-fixed-width fl-row-bg-none fl-node-5bbf67af4f3f6 fl-row-default-height fl-row-align-center\" data-node=\"5bbf67af4f3f6\"><div class=\"fl-row-content-wrap\"><div class=\"fl-row-content fl-row-fixed-width fl-node-content\"><div class=\"fl-col-group fl-node-5bbf67af51146\" data-node=\"5bbf67af51146\"><div class=\"fl-col fl-node-5bbf67af511d7 fl-col-has-cols\" data-node=\"5bbf67af511d7\"><div class=\"fl-col-content fl-node-content\"><div class=\"fl-module fl-module-rich-text fl-node-5bbf67af4f2aa\" data-node=\"5bbf67af4f2aa\"><div class=\"fl-module-content fl-node-content\"><div class=\"fl-rich-text\"><h1>BEST WESTERN PLUS Newport Mesa Inn se preocupa por la accesibilidad<\/h1><p>El objetivo de bwnewport.com es ofrecer un sitio web accesible al mayor n\u00famero posible de usuarios, independientemente de su tecnolog\u00eda o capacidad. Estamos trabajando activamente para aumentar la accesibilidad y facilidad de uso de nuestro sitio web y, al hacerlo, nos adherimos a muchas de las normas y directrices disponibles.<\/p><p>Para garantizarlo, el BEST WESTERN PLUS Newport Mesa Inn se compromete a cumplir los criterios de \u00e9xito de nivel AA de las Pautas de Accesibilidad al Contenido en el Sitio Web 2.0 (WCAG 2.0), una medida est\u00e1ndar internacional de \u00e9xito de la accesibilidad. Nuestro sitio web y nuestro marketing digital se han desarrollado tras analizar detenidamente estas directrices concretas y se mejoran continuamente para que nuestra tecnolog\u00eda sea m\u00e1s accesible y f\u00e1cil de usar.<\/p><p>El sitio web de nuestro hotel permite a los visitantes buscar habitaciones accesibles que est\u00e1n claramente etiquetadas en la p\u00e1gina Habitaciones. Cada habitaci\u00f3n accesible destaca sus caracter\u00edsticas de accesibilidad para que los hu\u00e9spedes puedan tomar una decisi\u00f3n informada sobre si esa habitaci\u00f3n satisfar\u00e1 sus necesidades.<\/p><h2>Caracter\u00edsticas de accesibilidad del alojamiento hotelero<\/h2><ul><li>5 habitaciones con acceso ADA disponibles para reservar en los siguientes tipos de habitaci\u00f3n:<ul><li>1 habitaci\u00f3n ADA King accesible: ducha con barras de apoyo y espacio adicional alrededor de la habitaci\u00f3n y la cama.<\/li><li>3 ADA dos camas queen habitaciones accesibles: roll-in ducha con barras de apoyo, espacio adicional alrededor de la habitaci\u00f3n y la cama<\/li><li>1 ADA dos camas queen habitaci\u00f3n accesible: ba\u00f1era y barras de apoyo y espacio adicional alrededor de la habitaci\u00f3n y la cama<\/li><\/ul><\/li><li>Funciones de ayuda a la comunicaci\u00f3n en la habitaci\u00f3n:<ul><li>Tel\u00e9fono intermitente estrobosc\u00f3pico<\/li><li>TTY<\/li><li>Se\u00f1alizador telef\u00f3nico<\/li><li>Amplificador telef\u00f3nico<\/li><li>Reloj ADA con agitador de cama<\/li><li>Televisores con subt\u00edtulos<\/li><li>Dispositivos de notificaci\u00f3n visual de los golpes en la puerta<\/li><li>Alarmas visuales de incendio<\/li><li>Alarmas de humo visuales<\/li><\/ul><\/li><li>Piscina accesible con ascensor<\/li><li>Ba\u00f1era de hidromasaje accesible con ascensor<\/li><li>Acceso accesible al gimnasio<\/li><li>3 plazas de aparcamiento accesibles para minusv\u00e1lidos<ul><li>Plaza de aparcamiento accesible de 96 pulgadas de ancho con un pasillo de acceso adecuado<\/li><\/ul><\/li><li>Un itinerario accesible que permita acercarse y entrar en el hotel<\/li><li>Una puerta de entrada al vest\u00edbulo accesible<\/li><li>Un mostrador de recepci\u00f3n accesible o una estanter\u00eda plegable accesible para la zona de recepci\u00f3n<\/li><li>Itinerarios interiores a espacios p\u00fablicos que no tengan cambios bruscos de nivel<\/li><li>Rampas en los principales puntos de entrada<\/li><\/ul><\/div><\/div><\/div><div class=\"fl-col-group fl-node-5d94c36e3658c fl-col-group-nested\" data-node=\"5d94c36e3658c\"><div class=\"fl-col fl-node-5d94c36e3671d fl-col-small\" data-node=\"5d94c36e3671d\"><div class=\"fl-col-content fl-node-content\"><div class=\"fl-module fl-module-photo fl-node-5d94c31aee243\" data-node=\"5d94c31aee243\"><div class=\"fl-module-content fl-node-content\"><div class=\"fl-photo fl-photo-align-center\"><div class=\"fl-photo-content fl-photo-img-jpg\"><a role=\"link\" href=\"https:\/\/www.bwnewport.com\/wp-content\/uploads\/2019\/10\/Accessible-Bathroom-1.jpg\" target=\"_self\"> <img fetchpriority=\"high\" decoding=\"async\" class=\"fl-photo-img wp-image-732 size-full lazy-loaded\" title=\"Accesible-Ba\u00f1o-1\" src=\"https:\/\/www.bwnewport.com\/wp-content\/uploads\/2019\/10\/Accessible-Bathroom-1.jpg\" sizes=\"(max-width: 900px) 100vw, 900px\" srcset=\"https:\/\/www.bwnewport.com\/wp-content\/uploads\/2019\/10\/Accessible-Bathroom-1.jpg 900w, https:\/\/www.bwnewport.com\/wp-content\/uploads\/2019\/10\/Accessible-Bathroom-1-300x160.jpg 300w, https:\/\/www.bwnewport.com\/wp-content\/uploads\/2019\/10\/Accessible-Bathroom-1-768x410.jpg 768w, https:\/\/www.bwnewport.com\/wp-content\/uploads\/2019\/10\/Accessible-Bathroom-1-500x267.jpg 500w\" alt=\"Cuarto de ba\u00f1o accesible con ducha antivuelco y barras de apoyo\" width=\"900\" height=\"480\" data-lazy-type=\"image\" data-src=\"https:\/\/www.bwnewport.com\/wp-content\/uploads\/2019\/10\/Accessible-Bathroom-1.jpg\" data-srcset=\"\" \/> <\/a><\/div><div class=\"fl-photo-caption fl-photo-caption-below\">Cuarto de ba\u00f1o accesible con ducha antivuelco y barras de apoyo<\/div><\/div><\/div><\/div><\/div><\/div><div class=\"fl-col fl-node-5d94c36e36768 fl-col-small\" data-node=\"5d94c36e36768\"><div class=\"fl-col-content fl-node-content\">\u00a0<\/div><\/div><\/div><\/div><\/div><\/div><div class=\"fl-col-group fl-node-5bbf69c736157\" data-node=\"5bbf69c736157\"><div class=\"fl-col fl-node-5bbf69c7361ed\" data-node=\"5bbf69c7361ed\"><div class=\"fl-col-content fl-node-content\"><div class=\"fl-module fl-module-rich-text fl-node-5bbf69c7360d6\" data-node=\"5bbf69c7360d6\"><div class=\"fl-module-content fl-node-content\"><div class=\"fl-rich-text\"><h2>Accesibilidad del sitio web del hotel<\/h2><p>Este sitio web del hotel BEST WESTERN PLUS Newport Mesa Inn est\u00e1 dise\u00f1ado para ser totalmente accesible para todos y est\u00e1 dise\u00f1ado de acuerdo con las Pautas de Accesibilidad al Contenido en la Web (WCAG) 2.0 del W3C y se ajusta a la mayor\u00eda de los puntos de comprobaci\u00f3n prioritarios que implican algunos de los siguientes elementos:<\/p><h3>NAVEGACI\u00d3N POR PESTA\u00d1AS<\/h3><p>Puede navegar por el sitio web de nuestro hotel utilizando el tabulador para recorrer los elementos de cada p\u00e1gina y la tecla Intro para activar un enlace resaltado.<\/p><h3>VISIBILIDAD DEL TEXTO<\/h3><p>El esquema crom\u00e1tico de la web de este hotel utiliza colores contrastados y un tama\u00f1o de letra grande para una lectura \u00f3ptima.<\/p><h3>VISIBILIDAD DE LAS IM\u00c1GENES<\/h3><p>Todas las im\u00e1genes incluyen atributos ALT descriptivos.<\/p><h3>SUBT\u00cdTULOS<\/h3><p>Todos los v\u00eddeos de este sitio web permiten la opci\u00f3n de verlos con subt\u00edtulos.<\/p><h3>MARCADO SEM\u00c1NTICO<\/h3><p>Las etiquetas de encabezamiento HTML se utilizan para transmitir la estructura del documento. Los men\u00fas de navegaci\u00f3n se etiquetan como mapas HTML para que el t\u00edtulo del men\u00fa pueda leerse en voz alta, y los elementos del men\u00fa se presentan como un grupo. Consulte el mapa del sitio de nuestra p\u00e1gina para facilitar la navegaci\u00f3n en:<br \/><a role=\"link\" href=\"https:\/\/www.bwnewport.com\/page-sitemap.xml\">www.bwnewport.com\/page-sitemap.xml<\/a><\/p><h3>REFERENCIAS DE ACCESIBILIDAD<\/h3><p><a role=\"link\" href=\"https:\/\/www.w3.org\/WAI\/\" target=\"_blank\" rel=\"noopener noreferrer\">Pautas de Accesibilidad al Contenido en la Web (WCAG) 2.0<\/a>que explica las razones de cada directriz.<br \/><a role=\"link\" href=\"https:\/\/section508.gov\/\" target=\"_blank\" rel=\"noopener noreferrer\">Secci\u00f3n 508<\/a>, Informaci\u00f3n y noticias sobre las normas de accesibilidad introducidas por la Secci\u00f3n 508 de la Ley de Rehabilitaci\u00f3n.<\/p><h3>AYUDA DEL NAVEGADOR<\/h3><p>Optimice la visualizaci\u00f3n de su navegador web. Si tiene dificultades para leer el sitio web del BEST WESTERN PLUS Newport Mesa Inn en su pantalla, puede cambiar la configuraci\u00f3n de su navegador para ayudarle a mejorar la legibilidad y visibilidad de cada p\u00e1gina web: A continuaci\u00f3n encontrar\u00e1 informaci\u00f3n sobre las funciones de accesibilidad de los principales navegadores de Internet:<\/p><p><strong>Mozilla Firefox:<\/strong>\u00a0<a role=\"link\" href=\"https:\/\/support.mozilla.org\/en-US\/kb\/accessibility-features-firefox-make-firefox-and-we\" target=\"_blank\" rel=\"noopener noreferrer\">Haga clic aqu\u00ed para ver las funciones de accesibilidad de Mozilla Firefox<\/a><br \/><strong>Google Chrome:<\/strong>\u00a0<a role=\"link\" href=\"https:\/\/www.google.com\/accessibility\/products-features.html\" target=\"_blank\" rel=\"noopener noreferrer\">Haga clic aqu\u00ed para ver las funciones de accesibilidad de Google<\/a><br \/><strong>Internet Explorer<\/strong>:\u00a0<a role=\"link\" href=\"https:\/\/support.microsoft.com\/en-us\/help\/17456\/windows-internet-explorer-ease-of-access-options\" target=\"_blank\" rel=\"noopener noreferrer\">Haga clic aqu\u00ed para ver las opciones de facilidad de acceso de Microsoft Internet Explorer<\/a><br \/><strong>Safari de Apple:<\/strong>\u00a0<a role=\"link\" href=\"https:\/\/support.apple.com\/accessibility\" target=\"_blank\" rel=\"noopener noreferrer\">Haga clic aqu\u00ed para obtener ayuda sobre accesibilidad de Apple<\/a><\/p><h2>Excepciones<\/h2><p>Aunque el BEST WESTERN PLUS Newport Mesa Inn se esfuerza por cumplir las directrices y normas aceptadas en materia de accesibilidad y usabilidad, no siempre es posible hacerlo en todas las \u00e1reas del sitio web. Si tiene dificultades para conocer o reservar en nuestro hotel, le invitamos a ponerse en contacto con nosotros por tel\u00e9fono o correo electr\u00f3nico y nuestro amable personal estar\u00e1 encantado de ayudarle. Si encuentra que algo en nuestro sitio web no es accesible, agradeceremos sus preguntas y sugerencias.<\/p><p>Tel\u00e9fono:\u00a0<a role=\"link\" href=\"tel:1-949-650-3020\">(949) 650-3020<\/a>\u00a0\u00a0Correo electr\u00f3nico:\u00a0<a role=\"link\" href=\"mailto:05417@hotel.bestwestern.com\">05417@hotel.bestwestern.com<\/a><\/p><\/div><\/div><\/div><\/div><\/div><\/div><\/div><\/div><\/div>\t\t\t\t\t\t\t\t<\/div>\n\t\t\t\t\t<\/div>\n\t\t\t\t<\/div>\n\t\t\t\t<\/div>","protected":false},"excerpt":{"rendered":"<p>BEST WESTERN PLUS Newport Mesa Inn Cares About Accessibility Our goal for bwnewport.com is to provide a website that is accessible to the widest possible audience, regardless of technology or ability. We are actively working to increase the accessibility and usability of our website and in doing so adhere to many of the available standards [&hellip;]<\/p>\n","protected":false},"author":1,"featured_media":0,"parent":0,"menu_order":0,"comment_status":"closed","ping_status":"closed","template":"","meta":{"site-sidebar-layout":"no-sidebar","site-content-layout":"page-builder","ast-site-content-layout":"full-width-container","site-content-style":"default","site-sidebar-style":"default","ast-global-header-display":"","ast-banner-title-visibility":"","ast-main-header-display":"","ast-hfb-above-header-display":"","ast-hfb-below-header-display":"","ast-hfb-mobile-header-display":"","site-post-title":"disabled","ast-breadcrumbs-content":"","ast-featured-img":"disabled","footer-sml-layout":"","ast-disable-related-posts":"","theme-transparent-header-meta":"","adv-header-id-meta":"","stick-header-meta":"","header-above-stick-meta":"","header-main-stick-meta":"","header-below-stick-meta":"","astra-migrate-meta-layouts":"set","ast-page-background-enabled":"default","ast-page-background-meta":{"desktop":{"background-color":"","background-image":"","background-repeat":"repeat","background-position":"center center","background-size":"auto","background-attachment":"scroll","background-type":"","background-media":"","overlay-type":"","overlay-color":"","overlay-opacity":"","overlay-gradient":""},"tablet":{"background-color":"","background-image":"","background-repeat":"repeat","background-position":"center center","background-size":"auto","background-attachment":"scroll","background-type":"","background-media":"","overlay-type":"","overlay-color":"","overlay-opacity":"","overlay-gradient":""},"mobile":{"background-color":"","background-image":"","background-repeat":"repeat","background-position":"center center","background-size":"auto","background-attachment":"scroll","background-type":"","background-media":"","overlay-type":"","overlay-color":"","overlay-opacity":"","overlay-gradient":""}},"ast-content-background-meta":{"desktop":{"background-color":"var(--ast-global-color-5)","background-image":"","background-repeat":"repeat","background-position":"center center","background-size":"auto","background-attachment":"scroll","background-type":"","background-media":"","overlay-type":"","overlay-color":"","overlay-opacity":"","overlay-gradient":""},"tablet":{"background-color":"var(--ast-global-color-5)","background-image":"","background-repeat":"repeat","background-position":"center center","background-size":"auto","background-attachment":"scroll","background-type":"","background-media":"","overlay-type":"","overlay-color":"","overlay-opacity":"","overlay-gradient":""},"mobile":{"background-color":"var(--ast-global-color-5)","background-image":"","background-repeat":"repeat","background-position":"center center","background-size":"auto","background-attachment":"scroll","background-type":"","background-media":"","overlay-type":"","overlay-color":"","overlay-opacity":"","overlay-gradient":""}},"footnotes":""},"page-category":[],"class_list":["post-1063","page","type-page","status-publish","hentry"],"yoast_head":"<!-- This site is optimized with the Yoast SEO plugin v27.3 - https:\/\/yoast.com\/product\/yoast-seo-wordpress\/ -->\n<title>Accessibility - Best Western Plus Newport Mesa Inn<\/title>\n<meta name=\"robots\" content=\"index, follow, max-snippet:-1, max-image-preview:large, max-video-preview:-1\" \/>\n<link rel=\"canonical\" href=\"https:\/\/www.bwnewport.com\/es\/accessibility\/\" \/>\n<meta property=\"og:locale\" content=\"es_ES\" \/>\n<meta property=\"og:type\" content=\"article\" \/>\n<meta property=\"og:title\" content=\"Accessibility - Best Western Plus Newport Mesa Inn\" \/>\n<meta property=\"og:description\" content=\"BEST WESTERN PLUS Newport Mesa Inn Cares About Accessibility Our goal for bwnewport.com is to provide a website that is accessible to the widest possible audience, regardless of technology or ability. We are actively working to increase the accessibility and usability of our website and in doing so adhere to many of the available standards [&hellip;]\" \/>\n<meta property=\"og:url\" content=\"https:\/\/www.bwnewport.com\/es\/accessibility\/\" \/>\n<meta property=\"og:site_name\" content=\"Best Western Plus Newport Mesa Inn\" \/>\n<meta property=\"article:publisher\" content=\"https:\/\/www.facebook.com\/NewportBW\/\" \/>\n<meta property=\"article:modified_time\" content=\"2025-11-20T16:03:50+00:00\" \/>\n<meta property=\"og:image\" content=\"https:\/\/www.bwnewport.com\/wp-content\/uploads\/2019\/10\/Accessible-Bathroom-1.jpg\" \/>\n<meta name=\"twitter:card\" content=\"summary_large_image\" \/>\n<meta name=\"twitter:label1\" content=\"Tiempo de lectura\" \/>\n\t<meta name=\"twitter:data1\" content=\"4 minutos\" \/>\n<script type=\"application\/ld+json\" class=\"yoast-schema-graph\">{\"@context\":\"https:\\\/\\\/schema.org\",\"@graph\":[{\"@type\":\"WebPage\",\"@id\":\"https:\\\/\\\/www.bwnewport.com\\\/accessibility\\\/\",\"url\":\"https:\\\/\\\/www.bwnewport.com\\\/accessibility\\\/\",\"name\":\"Accessibility - Best Western Plus Newport Mesa Inn\",\"isPartOf\":{\"@id\":\"https:\\\/\\\/www.bwnewport.com\\\/#website\"},\"primaryImageOfPage\":{\"@id\":\"https:\\\/\\\/www.bwnewport.com\\\/accessibility\\\/#primaryimage\"},\"image\":{\"@id\":\"https:\\\/\\\/www.bwnewport.com\\\/accessibility\\\/#primaryimage\"},\"thumbnailUrl\":\"https:\\\/\\\/www.bwnewport.com\\\/wp-content\\\/uploads\\\/2019\\\/10\\\/Accessible-Bathroom-1.jpg\",\"datePublished\":\"2024-03-04T10:18:09+00:00\",\"dateModified\":\"2025-11-20T16:03:50+00:00\",\"breadcrumb\":{\"@id\":\"https:\\\/\\\/www.bwnewport.com\\\/accessibility\\\/#breadcrumb\"},\"inLanguage\":\"es\",\"potentialAction\":[{\"@type\":\"ReadAction\",\"target\":[\"https:\\\/\\\/www.bwnewport.com\\\/accessibility\\\/\"]}]},{\"@type\":\"ImageObject\",\"inLanguage\":\"es\",\"@id\":\"https:\\\/\\\/www.bwnewport.com\\\/accessibility\\\/#primaryimage\",\"url\":\"https:\\\/\\\/www.bwnewport.com\\\/wp-content\\\/uploads\\\/2019\\\/10\\\/Accessible-Bathroom-1.jpg\",\"contentUrl\":\"https:\\\/\\\/www.bwnewport.com\\\/wp-content\\\/uploads\\\/2019\\\/10\\\/Accessible-Bathroom-1.jpg\"},{\"@type\":\"BreadcrumbList\",\"@id\":\"https:\\\/\\\/www.bwnewport.com\\\/accessibility\\\/#breadcrumb\",\"itemListElement\":[{\"@type\":\"ListItem\",\"position\":1,\"name\":\"Home\",\"item\":\"https:\\\/\\\/www.bwnewport.com\\\/\"},{\"@type\":\"ListItem\",\"position\":2,\"name\":\"Accessibility\"}]},{\"@type\":\"WebSite\",\"@id\":\"https:\\\/\\\/www.bwnewport.com\\\/#website\",\"url\":\"https:\\\/\\\/www.bwnewport.com\\\/\",\"name\":\"Best Western Plus Newport Mesa Inn\",\"description\":\"Newport Beach and Costa Mesa California\",\"publisher\":{\"@id\":\"https:\\\/\\\/www.bwnewport.com\\\/#organization\"},\"alternateName\":\"BW Newport Mesa\",\"potentialAction\":[{\"@type\":\"SearchAction\",\"target\":{\"@type\":\"EntryPoint\",\"urlTemplate\":\"https:\\\/\\\/www.bwnewport.com\\\/?s={search_term_string}\"},\"query-input\":{\"@type\":\"PropertyValueSpecification\",\"valueRequired\":true,\"valueName\":\"search_term_string\"}}],\"inLanguage\":\"es\"},{\"@type\":\"Organization\",\"@id\":\"https:\\\/\\\/www.bwnewport.com\\\/#organization\",\"name\":\"Best Western Plus Newport Mesa Inn\",\"url\":\"https:\\\/\\\/www.bwnewport.com\\\/\",\"logo\":{\"@type\":\"ImageObject\",\"inLanguage\":\"es\",\"@id\":\"https:\\\/\\\/www.bwnewport.com\\\/#\\\/schema\\\/logo\\\/image\\\/\",\"url\":\"https:\\\/\\\/www.bwnewport.com\\\/wp-content\\\/uploads\\\/2024\\\/02\\\/Best-Western-Plus-Logo-207x160-1.png\",\"contentUrl\":\"https:\\\/\\\/www.bwnewport.com\\\/wp-content\\\/uploads\\\/2024\\\/02\\\/Best-Western-Plus-Logo-207x160-1.png\",\"width\":207,\"height\":160,\"caption\":\"Best Western Plus Newport Mesa Inn\"},\"image\":{\"@id\":\"https:\\\/\\\/www.bwnewport.com\\\/#\\\/schema\\\/logo\\\/image\\\/\"},\"sameAs\":[\"https:\\\/\\\/www.facebook.com\\\/NewportBW\\\/\"]}]}<\/script>\n<!-- \/ Yoast SEO plugin. -->","yoast_head_json":{"title":"Accessibility - Best Western Plus Newport Mesa Inn","robots":{"index":"index","follow":"follow","max-snippet":"max-snippet:-1","max-image-preview":"max-image-preview:large","max-video-preview":"max-video-preview:-1"},"canonical":"https:\/\/www.bwnewport.com\/es\/accessibility\/","og_locale":"es_ES","og_type":"article","og_title":"Accessibility - Best Western Plus Newport Mesa Inn","og_description":"BEST WESTERN PLUS Newport Mesa Inn Cares About Accessibility Our goal for bwnewport.com is to provide a website that is accessible to the widest possible audience, regardless of technology or ability. We are actively working to increase the accessibility and usability of our website and in doing so adhere to many of the available standards [&hellip;]","og_url":"https:\/\/www.bwnewport.com\/es\/accessibility\/","og_site_name":"Best Western Plus Newport Mesa Inn","article_publisher":"https:\/\/www.facebook.com\/NewportBW\/","article_modified_time":"2025-11-20T16:03:50+00:00","og_image":[{"url":"https:\/\/www.bwnewport.com\/wp-content\/uploads\/2019\/10\/Accessible-Bathroom-1.jpg","type":"","width":"","height":""}],"twitter_card":"summary_large_image","twitter_misc":{"Tiempo de lectura":"4 minutos"},"schema":{"@context":"https:\/\/schema.org","@graph":[{"@type":"WebPage","@id":"https:\/\/www.bwnewport.com\/accessibility\/","url":"https:\/\/www.bwnewport.com\/accessibility\/","name":"Accessibility - Best Western Plus Newport Mesa Inn","isPartOf":{"@id":"https:\/\/www.bwnewport.com\/#website"},"primaryImageOfPage":{"@id":"https:\/\/www.bwnewport.com\/accessibility\/#primaryimage"},"image":{"@id":"https:\/\/www.bwnewport.com\/accessibility\/#primaryimage"},"thumbnailUrl":"https:\/\/www.bwnewport.com\/wp-content\/uploads\/2019\/10\/Accessible-Bathroom-1.jpg","datePublished":"2024-03-04T10:18:09+00:00","dateModified":"2025-11-20T16:03:50+00:00","breadcrumb":{"@id":"https:\/\/www.bwnewport.com\/accessibility\/#breadcrumb"},"inLanguage":"es","potentialAction":[{"@type":"ReadAction","target":["https:\/\/www.bwnewport.com\/accessibility\/"]}]},{"@type":"ImageObject","inLanguage":"es","@id":"https:\/\/www.bwnewport.com\/accessibility\/#primaryimage","url":"https:\/\/www.bwnewport.com\/wp-content\/uploads\/2019\/10\/Accessible-Bathroom-1.jpg","contentUrl":"https:\/\/www.bwnewport.com\/wp-content\/uploads\/2019\/10\/Accessible-Bathroom-1.jpg"},{"@type":"BreadcrumbList","@id":"https:\/\/www.bwnewport.com\/accessibility\/#breadcrumb","itemListElement":[{"@type":"ListItem","position":1,"name":"Home","item":"https:\/\/www.bwnewport.com\/"},{"@type":"ListItem","position":2,"name":"Accessibility"}]},{"@type":"WebSite","@id":"https:\/\/www.bwnewport.com\/#website","url":"https:\/\/www.bwnewport.com\/","name":"Best Western Plus Newport Mesa Inn","description":"Newport Beach y Costa Mesa California","publisher":{"@id":"https:\/\/www.bwnewport.com\/#organization"},"alternateName":"BW Newport Mesa","potentialAction":[{"@type":"SearchAction","target":{"@type":"EntryPoint","urlTemplate":"https:\/\/www.bwnewport.com\/?s={search_term_string}"},"query-input":{"@type":"PropertyValueSpecification","valueRequired":true,"valueName":"search_term_string"}}],"inLanguage":"es"},{"@type":"Organization","@id":"https:\/\/www.bwnewport.com\/#organization","name":"Best Western Plus Newport Mesa Inn","url":"https:\/\/www.bwnewport.com\/","logo":{"@type":"ImageObject","inLanguage":"es","@id":"https:\/\/www.bwnewport.com\/#\/schema\/logo\/image\/","url":"https:\/\/www.bwnewport.com\/wp-content\/uploads\/2024\/02\/Best-Western-Plus-Logo-207x160-1.png","contentUrl":"https:\/\/www.bwnewport.com\/wp-content\/uploads\/2024\/02\/Best-Western-Plus-Logo-207x160-1.png","width":207,"height":160,"caption":"Best Western Plus Newport Mesa Inn"},"image":{"@id":"https:\/\/www.bwnewport.com\/#\/schema\/logo\/image\/"},"sameAs":["https:\/\/www.facebook.com\/NewportBW\/"]}]}},"_links":{"self":[{"href":"https:\/\/www.bwnewport.com\/es\/wp-json\/wp\/v2\/pages\/1063","targetHints":{"allow":["GET"]}}],"collection":[{"href":"https:\/\/www.bwnewport.com\/es\/wp-json\/wp\/v2\/pages"}],"about":[{"href":"https:\/\/www.bwnewport.com\/es\/wp-json\/wp\/v2\/types\/page"}],"author":[{"embeddable":true,"href":"https:\/\/www.bwnewport.com\/es\/wp-json\/wp\/v2\/users\/1"}],"replies":[{"embeddable":true,"href":"https:\/\/www.bwnewport.com\/es\/wp-json\/wp\/v2\/comments?post=1063"}],"version-history":[{"count":8,"href":"https:\/\/www.bwnewport.com\/es\/wp-json\/wp\/v2\/pages\/1063\/revisions"}],"predecessor-version":[{"id":2080,"href":"https:\/\/www.bwnewport.com\/es\/wp-json\/wp\/v2\/pages\/1063\/revisions\/2080"}],"wp:attachment":[{"href":"https:\/\/www.bwnewport.com\/es\/wp-json\/wp\/v2\/media?parent=1063"}],"wp:term":[{"taxonomy":"page-category","embeddable":true,"href":"https:\/\/www.bwnewport.com\/es\/wp-json\/wp\/v2\/page-category?post=1063"}],"curies":[{"name":"wp","href":"https:\/\/api.w.org\/{rel}","templated":true}]}}