{"id":146,"date":"2021-05-11T05:32:04","date_gmt":"2021-05-11T05:32:04","guid":{"rendered":"https:\/\/www.bwnewport.com\/amenities\/"},"modified":"2025-11-20T08:04:21","modified_gmt":"2025-11-20T16:04:21","slug":"amenities","status":"publish","type":"page","link":"https:\/\/www.bwnewport.com\/de\/amenities\/","title":{"rendered":"Einrichtungen und Annehmlichkeiten"},"content":{"rendered":"<div data-elementor-type=\"wp-page\" data-elementor-id=\"146\" class=\"elementor elementor-146\" data-elementor-post-type=\"page\">\n\t\t\t\t<div class=\"elementor-element elementor-element-05b0b34 e-flex e-con-boxed e-con e-parent\" data-id=\"05b0b34\" data-element_type=\"container\" data-e-type=\"container\" data-settings=\"{&quot;background_background&quot;:&quot;classic&quot;}\">\n\t\t\t\t\t<div class=\"e-con-inner\">\n\t\t<div class=\"elementor-element elementor-element-ee8ebfd e-con-full e-flex e-con e-child\" data-id=\"ee8ebfd\" data-element_type=\"container\" data-e-type=\"container\">\n\t\t\t\t<div class=\"elementor-element elementor-element-dbeb786 elementor-widget elementor-widget-heading\" data-id=\"dbeb786\" data-element_type=\"widget\" data-e-type=\"widget\" data-widget_type=\"heading.default\">\n\t\t\t\t\t<h1 class=\"elementor-heading-title elementor-size-default\">Amenities &amp; Facilities<\/h1>\t\t\t\t<\/div>\n\t\t\t\t<div class=\"elementor-element elementor-element-0c87f47 elementor-widget elementor-widget-text-editor\" data-id=\"0c87f47\" data-element_type=\"widget\" data-e-type=\"widget\" data-widget_type=\"text-editor.default\">\n\t\t\t\t\t\t\t\t\t<p>Wir sind stolz darauf, unseren G\u00e4sten eine Vielzahl von luxuri\u00f6sen Annehmlichkeiten und Einrichtungen bieten zu k\u00f6nnen.<\/p><p>\u00a0<\/p>\t\t\t\t\t\t\t\t<\/div>\n\t\t\t\t<\/div>\n\t\t\t\t\t<\/div>\n\t\t\t\t<\/div>\n\t\t<div class=\"elementor-element elementor-element-ed1f7e3 e-flex e-con-boxed e-con e-parent\" data-id=\"ed1f7e3\" data-element_type=\"container\" data-e-type=\"container\" data-settings=\"{&quot;background_background&quot;:&quot;classic&quot;}\">\n\t\t\t\t\t<div class=\"e-con-inner\">\n\t\t<div class=\"elementor-element elementor-element-d173221 e-con-full e-flex e-con e-child\" data-id=\"d173221\" data-element_type=\"container\" data-e-type=\"container\">\n\t\t<div class=\"elementor-element elementor-element-3a3aa11 e-flex e-con-boxed e-con e-child\" data-id=\"3a3aa11\" data-element_type=\"container\" data-e-type=\"container\">\n\t\t\t\t\t<div class=\"e-con-inner\">\n\t\t\t\t<div class=\"elementor-element elementor-element-aa110ba elementor-widget__width-initial elementor-widget-tablet__width-initial elementor-widget-mobile__width-inherit elementor-widget elementor-widget-image-box\" data-id=\"aa110ba\" data-element_type=\"widget\" data-e-type=\"widget\" data-widget_type=\"image-box.default\">\n\t\t\t\t\t<div class=\"elementor-image-box-wrapper\"><div class=\"elementor-image-box-content\"><h2 class=\"elementor-image-box-title\">Annehmlichkeiten<\/h2><p class=\"elementor-image-box-description\">Jedes gut ausgestattete Zimmer im Best Western Plus verf\u00fcgt \u00fcber bequeme Betten, kostenloses WLAN und kabelgebundenes Internet sowie Flachbildfernseher mit Kabel und HBO. Alle Zimmer bieten einen K\u00fchlschrank und einen Kaffee-\/Teezubereiter, w\u00e4hrend unsere Executive-Zimmer mit einer Wet Bar und einer Whirlpool-Badewanne ausgestattet sind.<\/p><\/div><\/div>\t\t\t\t<\/div>\n\t\t\t\t<div class=\"elementor-element elementor-element-b163099 elementor-align-right elementor-widget__width-initial elementor-mobile-align-left elementor-widget-tablet__width-initial elementor-widget-mobile__width-inherit elementor-widget elementor-widget-button\" data-id=\"b163099\" data-element_type=\"widget\" data-e-type=\"widget\" data-widget_type=\"button.default\">\n\t\t\t\t\t\t\t\t\t\t<a class=\"elementor-button elementor-button-link elementor-size-sm\" href=\"#elementor-action%3Aaction%3Dpopup%3Aopen%26settings%3DeyJpZCI6IjEwNzgiLCJ0b2dnbGUiOmZhbHNlfQ%3D%3D\">\n\t\t\t\t\t\t<span class=\"elementor-button-content-wrapper\">\n\t\t\t\t\t\t\t\t\t<span class=\"elementor-button-text\">Buchen Sie ein Zimmer<\/span>\n\t\t\t\t\t<\/span>\n\t\t\t\t\t<\/a>\n\t\t\t\t\t\t\t\t<\/div>\n\t\t\t\t\t<\/div>\n\t\t\t\t<\/div>\n\t\t<div class=\"elementor-element elementor-element-6f4048e e-con-full e-flex e-con e-child\" data-id=\"6f4048e\" data-element_type=\"container\" data-e-type=\"container\">\n\t\t<div class=\"elementor-element elementor-element-d653a01 e-con-full e-flex e-con e-child\" data-id=\"d653a01\" data-element_type=\"container\" data-e-type=\"container\">\n\t\t\t\t<div class=\"elementor-element elementor-element-9686585 elementor-widget elementor-widget-image\" data-id=\"9686585\" data-element_type=\"widget\" data-e-type=\"widget\" data-widget_type=\"image.default\">\n\t\t\t\t\t\t\t\t\t\t\t\t\t\t\t<img fetchpriority=\"high\" decoding=\"async\" width=\"370\" height=\"440\" src=\"https:\/\/www.bwnewport.com\/wp-content\/uploads\/2024\/03\/freebreakfast.jpg\" class=\"attachment-full size-full wp-image-869\" alt=\"\" srcset=\"https:\/\/www.bwnewport.com\/wp-content\/uploads\/2024\/03\/freebreakfast.jpg 370w, https:\/\/www.bwnewport.com\/wp-content\/uploads\/2024\/03\/freebreakfast-252x300.jpg 252w\" sizes=\"(max-width: 370px) 100vw, 370px\" \/>\t\t\t\t\t\t\t\t\t\t\t\t\t\t\t<\/div>\n\t\t\t\t<div class=\"elementor-element elementor-element-eb1eb15 elementor-widget elementor-widget-image-box\" data-id=\"eb1eb15\" data-element_type=\"widget\" data-e-type=\"widget\" data-widget_type=\"image-box.default\">\n\t\t\t\t\t<div class=\"elementor-image-box-wrapper\"><div class=\"elementor-image-box-content\"><h3 class=\"elementor-image-box-title\">Leckeres t\u00e4gliches Fr\u00fchst\u00fcck<\/h3><p class=\"elementor-image-box-description\">Beginnen Sie jeden Morgen mit einem k\u00f6stlichen Fr\u00fchst\u00fcck mit hausgemachten Waffeln, verschiedenen Obstsorten, Muffins, s\u00fc\u00dfen Leckereien, Eiern, French Toast, Kaffee, Tee und vielem mehr. Das Fr\u00fchst\u00fcck ist gegen eine Geb\u00fchr erh\u00e4ltlich und kann zum Mitnehmen oder \u00fcber den Zimmerservice bestellt werden.<\/p><\/div><\/div>\t\t\t\t<\/div>\n\t\t\t\t<\/div>\n\t\t<div class=\"elementor-element elementor-element-c6ab5db e-con-full e-flex e-con e-child\" data-id=\"c6ab5db\" data-element_type=\"container\" data-e-type=\"container\">\n\t\t\t\t<div class=\"elementor-element elementor-element-7e3ba69 elementor-widget elementor-widget-image\" data-id=\"7e3ba69\" data-element_type=\"widget\" data-e-type=\"widget\" data-widget_type=\"image.default\">\n\t\t\t\t\t\t\t\t\t\t\t\t\t\t\t<img decoding=\"async\" width=\"370\" height=\"440\" src=\"https:\/\/www.bwnewport.com\/wp-content\/uploads\/2024\/03\/jacuzzi.jpg\" class=\"attachment-full size-full wp-image-896\" alt=\"\" srcset=\"https:\/\/www.bwnewport.com\/wp-content\/uploads\/2024\/03\/jacuzzi.jpg 370w, https:\/\/www.bwnewport.com\/wp-content\/uploads\/2024\/03\/jacuzzi-252x300.jpg 252w\" sizes=\"(max-width: 370px) 100vw, 370px\" \/>\t\t\t\t\t\t\t\t\t\t\t\t\t\t\t<\/div>\n\t\t\t\t<div class=\"elementor-element elementor-element-56e94dd elementor-widget elementor-widget-image-box\" data-id=\"56e94dd\" data-element_type=\"widget\" data-e-type=\"widget\" data-widget_type=\"image-box.default\">\n\t\t\t\t\t<div class=\"elementor-image-box-wrapper\"><div class=\"elementor-image-box-content\"><h3 class=\"elementor-image-box-title\">Entertainment &amp; Recreation<\/h3><p class=\"elementor-image-box-description\">Entspannen Sie sich in unserem beheizten Au\u00dfenpool und im Whirlpool im Innenbereich. Unser 24-Stunden-Fitnessraum bietet ein Ruderger\u00e4t, ein Laufband, einen Treppenstepper und ein station\u00e4res Fahrrad.<\/p><\/div><\/div>\t\t\t\t<\/div>\n\t\t\t\t<\/div>\n\t\t<div class=\"elementor-element elementor-element-25a2b78 e-con-full e-flex e-con e-child\" data-id=\"25a2b78\" data-element_type=\"container\" data-e-type=\"container\">\n\t\t\t\t<div class=\"elementor-element elementor-element-4a1001b elementor-widget elementor-widget-image\" data-id=\"4a1001b\" data-element_type=\"widget\" data-e-type=\"widget\" data-widget_type=\"image.default\">\n\t\t\t\t\t\t\t\t\t\t\t\t\t\t\t<img decoding=\"async\" width=\"370\" height=\"440\" src=\"https:\/\/www.bwnewport.com\/wp-content\/uploads\/2024\/03\/business-center.jpg\" class=\"attachment-full size-full wp-image-941\" alt=\"\" srcset=\"https:\/\/www.bwnewport.com\/wp-content\/uploads\/2024\/03\/business-center.jpg 370w, https:\/\/www.bwnewport.com\/wp-content\/uploads\/2024\/03\/business-center-252x300.jpg 252w\" sizes=\"(max-width: 370px) 100vw, 370px\" \/>\t\t\t\t\t\t\t\t\t\t\t\t\t\t\t<\/div>\n\t\t\t\t<div class=\"elementor-element elementor-element-3f74c8a elementor-widget elementor-widget-image-box\" data-id=\"3f74c8a\" data-element_type=\"widget\" data-e-type=\"widget\" data-widget_type=\"image-box.default\">\n\t\t\t\t\t<div class=\"elementor-image-box-wrapper\"><div class=\"elementor-image-box-content\"><h3 class=\"elementor-image-box-title\">Business-Annehmlichkeiten<\/h3><p class=\"elementor-image-box-description\">Neben kostenlosem WiFi im gesamten Hotel gibt es auch ein Business Center vor Ort. Das Business Center im Best Western Plus Newport Mesa Inn ist der perfekte Ort, um ein paar E-Mails zu schreiben, einen Bericht fertigzustellen oder eine PowerPoint-Pr\u00e4sentation f\u00fcr ein gro\u00dfes Meeting durchzusehen.<\/p><\/div><\/div>\t\t\t\t<\/div>\n\t\t\t\t<\/div>\n\t\t\t\t<\/div>\n\t\t<div class=\"elementor-element elementor-element-7f31d08 e-con-full e-flex e-con e-child\" data-id=\"7f31d08\" data-element_type=\"container\" data-e-type=\"container\">\n\t\t<div class=\"elementor-element elementor-element-5e0ad44 e-con-full e-flex e-con e-child\" data-id=\"5e0ad44\" data-element_type=\"container\" data-e-type=\"container\">\n\t\t\t\t<div class=\"elementor-element elementor-element-3638e02 elementor-widget elementor-widget-image\" data-id=\"3638e02\" data-element_type=\"widget\" data-e-type=\"widget\" data-widget_type=\"image.default\">\n\t\t\t\t\t\t\t\t\t\t\t\t\t\t\t<img loading=\"lazy\" decoding=\"async\" width=\"370\" height=\"440\" src=\"https:\/\/www.bwnewport.com\/wp-content\/uploads\/2024\/03\/airportshuttle.jpg\" class=\"attachment-full size-full wp-image-870\" alt=\"\" srcset=\"https:\/\/www.bwnewport.com\/wp-content\/uploads\/2024\/03\/airportshuttle.jpg 370w, https:\/\/www.bwnewport.com\/wp-content\/uploads\/2024\/03\/airportshuttle-252x300.jpg 252w\" sizes=\"(max-width: 370px) 100vw, 370px\" \/>\t\t\t\t\t\t\t\t\t\t\t\t\t\t\t<\/div>\n\t\t\t\t<div class=\"elementor-element elementor-element-ada0918 elementor-widget elementor-widget-image-box\" data-id=\"ada0918\" data-element_type=\"widget\" data-e-type=\"widget\" data-widget_type=\"image-box.default\">\n\t\t\t\t\t<div class=\"elementor-image-box-wrapper\"><div class=\"elementor-image-box-content\"><h3 class=\"elementor-image-box-title\">Courtesy Airport Shuttle &amp; Free Parking<\/h3><p class=\"elementor-image-box-description\">Das Best Western Plus Newport Mesa Inn bietet einfachen Zugang zum\/vom Flughafen mit einem Shuttle-Service. Der Flughafen-Shuttleservice ist von 6 bis 23 Uhr verf\u00fcgbar.\n\nWir haben kostenlose Parkpl\u00e4tze f\u00fcr unsere G\u00e4ste auf unserem oberirdischen Parkplatz und in unserer Tiefgarage.<\/p><\/div><\/div>\t\t\t\t<\/div>\n\t\t\t\t<\/div>\n\t\t<div class=\"elementor-element elementor-element-5b2f93a e-con-full e-flex e-con e-child\" data-id=\"5b2f93a\" data-element_type=\"container\" data-e-type=\"container\">\n\t\t\t\t<div class=\"elementor-element elementor-element-6db67a2 elementor-widget elementor-widget-image\" data-id=\"6db67a2\" data-element_type=\"widget\" data-e-type=\"widget\" data-widget_type=\"image.default\">\n\t\t\t\t\t\t\t\t\t\t\t\t\t\t\t<img loading=\"lazy\" decoding=\"async\" width=\"370\" height=\"440\" src=\"https:\/\/www.bwnewport.com\/wp-content\/uploads\/2024\/03\/meeting-rooms.jpg\" class=\"attachment-full size-full wp-image-942\" alt=\"\" srcset=\"https:\/\/www.bwnewport.com\/wp-content\/uploads\/2024\/03\/meeting-rooms.jpg 370w, https:\/\/www.bwnewport.com\/wp-content\/uploads\/2024\/03\/meeting-rooms-252x300.jpg 252w\" sizes=\"(max-width: 370px) 100vw, 370px\" \/>\t\t\t\t\t\t\t\t\t\t\t\t\t\t\t<\/div>\n\t\t\t\t<div class=\"elementor-element elementor-element-7387d88 elementor-widget elementor-widget-image-box\" data-id=\"7387d88\" data-element_type=\"widget\" data-e-type=\"widget\" data-widget_type=\"image-box.default\">\n\t\t\t\t\t<div class=\"elementor-image-box-wrapper\"><div class=\"elementor-image-box-content\"><h3 class=\"elementor-image-box-title\">Meeting &amp; Banquet Facilities<\/h3><p class=\"elementor-image-box-description\">Unsere Tagungsr\u00e4ume und Banketteinrichtungen bieten Platz f\u00fcr bis zu 100 G\u00e4ste und sind ideal f\u00fcr Hochzeiten und Firmenveranstaltungen! Planen Sie Ihr n\u00e4chstes Event mit uns und kontaktieren Sie uns f\u00fcr weitere Informationen.<\/p><\/div><\/div>\t\t\t\t<\/div>\n\t\t\t\t<\/div>\n\t\t<div class=\"elementor-element elementor-element-59f1313 e-con-full e-flex e-con e-child\" data-id=\"59f1313\" data-element_type=\"container\" data-e-type=\"container\">\n\t\t\t\t<div class=\"elementor-element elementor-element-f390463 elementor-widget elementor-widget-image\" data-id=\"f390463\" data-element_type=\"widget\" data-e-type=\"widget\" data-widget_type=\"image.default\">\n\t\t\t\t\t\t\t\t\t\t\t\t\t\t\t<img loading=\"lazy\" decoding=\"async\" width=\"370\" height=\"440\" src=\"https:\/\/www.bwnewport.com\/wp-content\/uploads\/2024\/03\/laundry.jpg\" class=\"attachment-full size-full wp-image-943\" alt=\"\" srcset=\"https:\/\/www.bwnewport.com\/wp-content\/uploads\/2024\/03\/laundry.jpg 370w, https:\/\/www.bwnewport.com\/wp-content\/uploads\/2024\/03\/laundry-252x300.jpg 252w\" sizes=\"(max-width: 370px) 100vw, 370px\" \/>\t\t\t\t\t\t\t\t\t\t\t\t\t\t\t<\/div>\n\t\t\t\t<div class=\"elementor-element elementor-element-9e69e26 elementor-widget elementor-widget-image-box\" data-id=\"9e69e26\" data-element_type=\"widget\" data-e-type=\"widget\" data-widget_type=\"image-box.default\">\n\t\t\t\t\t<div class=\"elementor-image-box-wrapper\"><div class=\"elementor-image-box-content\"><h3 class=\"elementor-image-box-title\">Laundry &amp; Dry Cleaning<\/h3><p class=\"elementor-image-box-description\">Wir bieten Waschmaschinen und Trockner zur Selbstbedienung sowie eine chemische Reinigung am selben Tag.<\/p><\/div><\/div>\t\t\t\t<\/div>\n\t\t\t\t<\/div>\n\t\t\t\t<\/div>\n\t\t\t\t<\/div>\n\t\t\t\t\t<\/div>\n\t\t\t\t<\/div>\n\t\t\t\t<\/div>","protected":false},"excerpt":{"rendered":"<p>Amenities &amp; Facilities We are proud to offer a variety of luxury amenities &amp; facilities to our guests. Amenities Each well-appointed room at Best Western Plus features comfortable beds, free WiFi and wired internet, and flat screen televisions with cable and HBO. All rooms offer a refrigerator and coffee\/tea maker, while our executive rooms feature [&hellip;]<\/p>\n","protected":false},"author":1,"featured_media":0,"parent":0,"menu_order":0,"comment_status":"closed","ping_status":"closed","template":"elementor_header_footer","meta":{"site-sidebar-layout":"no-sidebar","site-content-layout":"page-builder","ast-site-content-layout":"full-width-container","site-content-style":"unboxed","site-sidebar-style":"unboxed","ast-global-header-display":"","ast-banner-title-visibility":"","ast-main-header-display":"","ast-hfb-above-header-display":"","ast-hfb-below-header-display":"","ast-hfb-mobile-header-display":"","site-post-title":"disabled","ast-breadcrumbs-content":"","ast-featured-img":"disabled","footer-sml-layout":"","ast-disable-related-posts":"","theme-transparent-header-meta":"enabled","adv-header-id-meta":"","stick-header-meta":"","header-above-stick-meta":"","header-main-stick-meta":"","header-below-stick-meta":"","astra-migrate-meta-layouts":"set","ast-page-background-enabled":"default","ast-page-background-meta":{"desktop":{"background-color":"","background-image":"","background-repeat":"repeat","background-position":"center center","background-size":"auto","background-attachment":"scroll","background-type":"","background-media":"","overlay-type":"","overlay-color":"","overlay-opacity":"","overlay-gradient":""},"tablet":{"background-color":"","background-image":"","background-repeat":"repeat","background-position":"center center","background-size":"auto","background-attachment":"scroll","background-type":"","background-media":"","overlay-type":"","overlay-color":"","overlay-opacity":"","overlay-gradient":""},"mobile":{"background-color":"","background-image":"","background-repeat":"repeat","background-position":"center center","background-size":"auto","background-attachment":"scroll","background-type":"","background-media":"","overlay-type":"","overlay-color":"","overlay-opacity":"","overlay-gradient":""}},"ast-content-background-meta":{"desktop":{"background-color":"var(--ast-global-color-5)","background-image":"","background-repeat":"repeat","background-position":"center center","background-size":"auto","background-attachment":"scroll","background-type":"","background-media":"","overlay-type":"","overlay-color":"","overlay-opacity":"","overlay-gradient":""},"tablet":{"background-color":"var(--ast-global-color-5)","background-image":"","background-repeat":"repeat","background-position":"center center","background-size":"auto","background-attachment":"scroll","background-type":"","background-media":"","overlay-type":"","overlay-color":"","overlay-opacity":"","overlay-gradient":""},"mobile":{"background-color":"var(--ast-global-color-5)","background-image":"","background-repeat":"repeat","background-position":"center center","background-size":"auto","background-attachment":"scroll","background-type":"","background-media":"","overlay-type":"","overlay-color":"","overlay-opacity":"","overlay-gradient":""}},"footnotes":""},"page-category":[],"class_list":["post-146","page","type-page","status-publish","hentry"],"yoast_head":"<!-- This site is optimized with the Yoast SEO plugin v27.3 - https:\/\/yoast.com\/product\/yoast-seo-wordpress\/ -->\n<title>Facilities &amp; Amenities - Best Western Plus Newport Mesa Inn<\/title>\n<meta name=\"robots\" content=\"index, follow, max-snippet:-1, max-image-preview:large, max-video-preview:-1\" \/>\n<link rel=\"canonical\" href=\"https:\/\/www.bwnewport.com\/de\/amenities\/\" \/>\n<meta property=\"og:locale\" content=\"de_DE\" \/>\n<meta property=\"og:type\" content=\"article\" \/>\n<meta property=\"og:title\" content=\"Facilities &amp; Amenities - Best Western Plus Newport Mesa Inn\" \/>\n<meta property=\"og:description\" content=\"Amenities &amp; Facilities We are proud to offer a variety of luxury amenities &amp; facilities to our guests. Amenities Each well-appointed room at Best Western Plus features comfortable beds, free WiFi and wired internet, and flat screen televisions with cable and HBO. All rooms offer a refrigerator and coffee\/tea maker, while our executive rooms feature [&hellip;]\" \/>\n<meta property=\"og:url\" content=\"https:\/\/www.bwnewport.com\/de\/amenities\/\" \/>\n<meta property=\"og:site_name\" content=\"Best Western Plus Newport Mesa Inn\" \/>\n<meta property=\"article:publisher\" content=\"https:\/\/www.facebook.com\/NewportBW\/\" \/>\n<meta property=\"article:modified_time\" content=\"2025-11-20T16:04:21+00:00\" \/>\n<meta property=\"og:image\" content=\"https:\/\/www.bwnewport.com\/wp-content\/uploads\/2024\/03\/freebreakfast.jpg\" \/>\n<meta name=\"twitter:card\" content=\"summary_large_image\" \/>\n<meta name=\"twitter:label1\" content=\"Gesch\u00e4tzte Lesezeit\" \/>\n\t<meta name=\"twitter:data1\" content=\"3\u00a0Minuten\" \/>\n<script type=\"application\/ld+json\" class=\"yoast-schema-graph\">{\"@context\":\"https:\\\/\\\/schema.org\",\"@graph\":[{\"@type\":\"WebPage\",\"@id\":\"https:\\\/\\\/www.bwnewport.com\\\/amenities\\\/\",\"url\":\"https:\\\/\\\/www.bwnewport.com\\\/amenities\\\/\",\"name\":\"Facilities & Amenities - Best Western Plus Newport Mesa Inn\",\"isPartOf\":{\"@id\":\"https:\\\/\\\/www.bwnewport.com\\\/#website\"},\"primaryImageOfPage\":{\"@id\":\"https:\\\/\\\/www.bwnewport.com\\\/amenities\\\/#primaryimage\"},\"image\":{\"@id\":\"https:\\\/\\\/www.bwnewport.com\\\/amenities\\\/#primaryimage\"},\"thumbnailUrl\":\"https:\\\/\\\/www.bwnewport.com\\\/wp-content\\\/uploads\\\/2024\\\/03\\\/freebreakfast.jpg\",\"datePublished\":\"2021-05-11T05:32:04+00:00\",\"dateModified\":\"2025-11-20T16:04:21+00:00\",\"breadcrumb\":{\"@id\":\"https:\\\/\\\/www.bwnewport.com\\\/amenities\\\/#breadcrumb\"},\"inLanguage\":\"de\",\"potentialAction\":[{\"@type\":\"ReadAction\",\"target\":[\"https:\\\/\\\/www.bwnewport.com\\\/amenities\\\/\"]}]},{\"@type\":\"ImageObject\",\"inLanguage\":\"de\",\"@id\":\"https:\\\/\\\/www.bwnewport.com\\\/amenities\\\/#primaryimage\",\"url\":\"https:\\\/\\\/www.bwnewport.com\\\/wp-content\\\/uploads\\\/2024\\\/03\\\/freebreakfast.jpg\",\"contentUrl\":\"https:\\\/\\\/www.bwnewport.com\\\/wp-content\\\/uploads\\\/2024\\\/03\\\/freebreakfast.jpg\"},{\"@type\":\"BreadcrumbList\",\"@id\":\"https:\\\/\\\/www.bwnewport.com\\\/amenities\\\/#breadcrumb\",\"itemListElement\":[{\"@type\":\"ListItem\",\"position\":1,\"name\":\"Home\",\"item\":\"https:\\\/\\\/www.bwnewport.com\\\/\"},{\"@type\":\"ListItem\",\"position\":2,\"name\":\"Facilities &#038; Amenities\"}]},{\"@type\":\"WebSite\",\"@id\":\"https:\\\/\\\/www.bwnewport.com\\\/#website\",\"url\":\"https:\\\/\\\/www.bwnewport.com\\\/\",\"name\":\"Best Western Plus Newport Mesa Inn\",\"description\":\"Newport Beach and Costa Mesa California\",\"publisher\":{\"@id\":\"https:\\\/\\\/www.bwnewport.com\\\/#organization\"},\"alternateName\":\"BW Newport Mesa\",\"potentialAction\":[{\"@type\":\"SearchAction\",\"target\":{\"@type\":\"EntryPoint\",\"urlTemplate\":\"https:\\\/\\\/www.bwnewport.com\\\/?s={search_term_string}\"},\"query-input\":{\"@type\":\"PropertyValueSpecification\",\"valueRequired\":true,\"valueName\":\"search_term_string\"}}],\"inLanguage\":\"de\"},{\"@type\":\"Organization\",\"@id\":\"https:\\\/\\\/www.bwnewport.com\\\/#organization\",\"name\":\"Best Western Plus Newport Mesa Inn\",\"url\":\"https:\\\/\\\/www.bwnewport.com\\\/\",\"logo\":{\"@type\":\"ImageObject\",\"inLanguage\":\"de\",\"@id\":\"https:\\\/\\\/www.bwnewport.com\\\/#\\\/schema\\\/logo\\\/image\\\/\",\"url\":\"https:\\\/\\\/www.bwnewport.com\\\/wp-content\\\/uploads\\\/2024\\\/02\\\/Best-Western-Plus-Logo-207x160-1.png\",\"contentUrl\":\"https:\\\/\\\/www.bwnewport.com\\\/wp-content\\\/uploads\\\/2024\\\/02\\\/Best-Western-Plus-Logo-207x160-1.png\",\"width\":207,\"height\":160,\"caption\":\"Best Western Plus Newport Mesa Inn\"},\"image\":{\"@id\":\"https:\\\/\\\/www.bwnewport.com\\\/#\\\/schema\\\/logo\\\/image\\\/\"},\"sameAs\":[\"https:\\\/\\\/www.facebook.com\\\/NewportBW\\\/\"]}]}<\/script>\n<!-- \/ Yoast SEO plugin. -->","yoast_head_json":{"title":"Facilities & Amenities - Best Western Plus Newport Mesa Inn","robots":{"index":"index","follow":"follow","max-snippet":"max-snippet:-1","max-image-preview":"max-image-preview:large","max-video-preview":"max-video-preview:-1"},"canonical":"https:\/\/www.bwnewport.com\/de\/amenities\/","og_locale":"de_DE","og_type":"article","og_title":"Facilities & Amenities - Best Western Plus Newport Mesa Inn","og_description":"Amenities &amp; Facilities We are proud to offer a variety of luxury amenities &amp; facilities to our guests. Amenities Each well-appointed room at Best Western Plus features comfortable beds, free WiFi and wired internet, and flat screen televisions with cable and HBO. All rooms offer a refrigerator and coffee\/tea maker, while our executive rooms feature [&hellip;]","og_url":"https:\/\/www.bwnewport.com\/de\/amenities\/","og_site_name":"Best Western Plus Newport Mesa Inn","article_publisher":"https:\/\/www.facebook.com\/NewportBW\/","article_modified_time":"2025-11-20T16:04:21+00:00","og_image":[{"url":"https:\/\/www.bwnewport.com\/wp-content\/uploads\/2024\/03\/freebreakfast.jpg","type":"","width":"","height":""}],"twitter_card":"summary_large_image","twitter_misc":{"Gesch\u00e4tzte Lesezeit":"3\u00a0Minuten"},"schema":{"@context":"https:\/\/schema.org","@graph":[{"@type":"WebPage","@id":"https:\/\/www.bwnewport.com\/amenities\/","url":"https:\/\/www.bwnewport.com\/amenities\/","name":"Facilities & Amenities - Best Western Plus Newport Mesa Inn","isPartOf":{"@id":"https:\/\/www.bwnewport.com\/#website"},"primaryImageOfPage":{"@id":"https:\/\/www.bwnewport.com\/amenities\/#primaryimage"},"image":{"@id":"https:\/\/www.bwnewport.com\/amenities\/#primaryimage"},"thumbnailUrl":"https:\/\/www.bwnewport.com\/wp-content\/uploads\/2024\/03\/freebreakfast.jpg","datePublished":"2021-05-11T05:32:04+00:00","dateModified":"2025-11-20T16:04:21+00:00","breadcrumb":{"@id":"https:\/\/www.bwnewport.com\/amenities\/#breadcrumb"},"inLanguage":"de","potentialAction":[{"@type":"ReadAction","target":["https:\/\/www.bwnewport.com\/amenities\/"]}]},{"@type":"ImageObject","inLanguage":"de","@id":"https:\/\/www.bwnewport.com\/amenities\/#primaryimage","url":"https:\/\/www.bwnewport.com\/wp-content\/uploads\/2024\/03\/freebreakfast.jpg","contentUrl":"https:\/\/www.bwnewport.com\/wp-content\/uploads\/2024\/03\/freebreakfast.jpg"},{"@type":"BreadcrumbList","@id":"https:\/\/www.bwnewport.com\/amenities\/#breadcrumb","itemListElement":[{"@type":"ListItem","position":1,"name":"Home","item":"https:\/\/www.bwnewport.com\/"},{"@type":"ListItem","position":2,"name":"Facilities &#038; Amenities"}]},{"@type":"WebSite","@id":"https:\/\/www.bwnewport.com\/#website","url":"https:\/\/www.bwnewport.com\/","name":"Best Western Plus Newport Mesa Inn","description":"Newport Beach und Costa Mesa Kalifornien","publisher":{"@id":"https:\/\/www.bwnewport.com\/#organization"},"alternateName":"BW Newport Mesa","potentialAction":[{"@type":"SearchAction","target":{"@type":"EntryPoint","urlTemplate":"https:\/\/www.bwnewport.com\/?s={search_term_string}"},"query-input":{"@type":"PropertyValueSpecification","valueRequired":true,"valueName":"search_term_string"}}],"inLanguage":"de"},{"@type":"Organization","@id":"https:\/\/www.bwnewport.com\/#organization","name":"Best Western Plus Newport Mesa Inn","url":"https:\/\/www.bwnewport.com\/","logo":{"@type":"ImageObject","inLanguage":"de","@id":"https:\/\/www.bwnewport.com\/#\/schema\/logo\/image\/","url":"https:\/\/www.bwnewport.com\/wp-content\/uploads\/2024\/02\/Best-Western-Plus-Logo-207x160-1.png","contentUrl":"https:\/\/www.bwnewport.com\/wp-content\/uploads\/2024\/02\/Best-Western-Plus-Logo-207x160-1.png","width":207,"height":160,"caption":"Best Western Plus Newport Mesa Inn"},"image":{"@id":"https:\/\/www.bwnewport.com\/#\/schema\/logo\/image\/"},"sameAs":["https:\/\/www.facebook.com\/NewportBW\/"]}]}},"_links":{"self":[{"href":"https:\/\/www.bwnewport.com\/de\/wp-json\/wp\/v2\/pages\/146","targetHints":{"allow":["GET"]}}],"collection":[{"href":"https:\/\/www.bwnewport.com\/de\/wp-json\/wp\/v2\/pages"}],"about":[{"href":"https:\/\/www.bwnewport.com\/de\/wp-json\/wp\/v2\/types\/page"}],"author":[{"embeddable":true,"href":"https:\/\/www.bwnewport.com\/de\/wp-json\/wp\/v2\/users\/1"}],"replies":[{"embeddable":true,"href":"https:\/\/www.bwnewport.com\/de\/wp-json\/wp\/v2\/comments?post=146"}],"version-history":[{"count":10,"href":"https:\/\/www.bwnewport.com\/de\/wp-json\/wp\/v2\/pages\/146\/revisions"}],"predecessor-version":[{"id":2083,"href":"https:\/\/www.bwnewport.com\/de\/wp-json\/wp\/v2\/pages\/146\/revisions\/2083"}],"wp:attachment":[{"href":"https:\/\/www.bwnewport.com\/de\/wp-json\/wp\/v2\/media?parent=146"}],"wp:term":[{"taxonomy":"page-category","embeddable":true,"href":"https:\/\/www.bwnewport.com\/de\/wp-json\/wp\/v2\/page-category?post=146"}],"curies":[{"name":"wp","href":"https:\/\/api.w.org\/{rel}","templated":true}]}}